{"id":146,"date":"2020-03-27T13:18:04","date_gmt":"2020-03-27T05:18:04","guid":{"rendered":"https:\/\/abkai.net\/en\/?page_id=146"},"modified":"2020-03-27T13:18:04","modified_gmt":"2020-03-27T05:18:04","slug":"uyghur","status":"publish","type":"page","link":"https:\/\/abkai.net\/en\/uyghur\/","title":{"rendered":"Uyghur"},"content":{"rendered":"<p>\u7ef4\u543e\u5c14\u6587\u76ee\u524d\u6709 3 \u79cd\u5b57\u6bcd\u4f53\u7cfb\uff1a\u5728\u4e2d\u56fd\u65b0\u7586\uff0c\u4f7f\u7528\u4ee5\u963f\u62c9\u4f2f\u5b57\u6bcd\u4e3a\u57fa\u7840\u7684<strong>\u8001\u7ef4\u6587<\/strong>\uff08UEY\uff0cUyghur Ereb Y\u00ebziqi\uff09\u4ee5\u53ca\u4ee5\u62c9\u4e01\u5b57\u6bcd\u4e3a\u57fa\u7840\u7684<strong>\u62c9\u4e01\u7ef4\u6587<\/strong>\uff08ULY\uff0cUyghur Latin Y\u00ebziqi\uff09\uff1b\u5728\u4e2d\u4e9a\u7684\u4e00\u4e9b\u56fd\u5bb6\uff0c\u4f7f\u7528\u4ee5\u897f\u91cc\u5c14\u5b57\u6bcd\u4e3a\u57fa\u7840\u7684<strong>\u897f\u91cc\u5c14\u7ef4\u6587<\/strong>\uff08USY\uff0cUyghur Siril Y\u00ebziqi\uff09\u3002\u53e6\u5916\u5728 20 \u4e16\u7eaa 60 \u5e74\u4ee3\u5230 80 \u5e74\u4ee3\uff0c\u4e2d\u56fd\u65b0\u7586\u8fd8\u66fe\u4f7f\u7528\u8fc7\u4e00\u5957\u4ee5\u6c49\u8bed\u62fc\u97f3\uff08\u62c9\u4e01\u5b57\u6bcd\uff09\u4e3a\u57fa\u7840\u7684\u65b0\u7ef4\u6587\uff08UPNY\uff0cUyghur Pinyin Y\u00ebziqi\uff09\uff0c\u76ee\u524d\u5df2\u7ecf\u5e9f\u6b62\u3002<\/p>\n<hr \/>\n<p><strong>\u8001\u7ef4\u6587<\/strong>\uff08UEY\uff09<\/p>\n<p>\u8001\u7ef4\u6587\u662f\u76ee\u524d\u4f7f\u7528\u6700\u5e7f\u6cdb\u7684\u4e00\u5957\u7ef4\u543e\u5c14\u6587\u5b57\uff0c\u81ea\u7ef4\u543e\u5c14\u65cf\u63a5\u53d7\u4f0a\u65af\u5170\u6559\u5f00\u59cb\uff0c\u4fbf\u9010\u6e10\u5f00\u59cb\u4f7f\u7528\uff0c\u5e76\u7ecf\u5386\u8fc7\u6570\u6b21\u6539\u9769\u3002<\/p>\n<p>\u8001\u7ef4\u6587\u57fa\u4e8e\u963f\u62c9\u4f2f\u5b57\u6bcd\uff0c\u6240\u4ee5\u6ca1\u6709\u5927\u5c0f\u5199\u4e4b\u5206\uff0c\u7b26\u5408\u963f\u62c9\u4f2f\u5b57\u6bcd\u7684\u4e66\u5199\u987a\u5e8f\u548c\u5176\u4ed6\u7684\u89c4\u5219\uff0c\u4f46\u548c\u5176\u4ed6\u4f7f\u7528\u963f\u62c9\u4f2f\u5b57\u6bcd\u7684\u6587\u5b57\u6709\u4e00\u4e2a\u660e\u663e\u533a\u522b\uff0c\u5373\u8001\u7ef4\u6587\u4e2d\u7684\u5143\u97f3\u548c\u8f85\u97f3\u4e00\u6837\uff0c\u5747\u4e3a\u5355\u72ec\u7684\u5b57\u6bcd\uff0c\u800c\u4e0d\u662f\u4f7f\u7528\u5143\u97f3\u7b26\u53f7\u6765\u8868\u793a\u3002\u8001\u7ef4\u6587\u8bfb\u5199\u4e00\u4e00\u5bf9\u5e94\u3002<\/p>\n<p>\u0626 \u76f8\u5f53\u4e8e\u96f6\u58f0\u6bcd\u6216\u5206\u9694\u7b26\u3010\u4e5f\u6709\u89c2\u70b9\u8ba4\u4e3a \u0626 \u4e3a\u5143\u97f3\u5b57\u6bcd\u7684\u4e00\u90e8\u5206\u3011\uff0c\u4e0d\u5217\u5165\u5b57\u6bcd\u8868\u3002\u4f7f\u7528\u89c4\u5219\uff1a<\/p>\n<p style=\"padding-left: 30px;\">\u2460 \u5143\u97f3\u5b57\u6bcd\u7684\u72ec\u7acb\u5f62\u3001\u8bcd\u5934\u5f62\u90fd\u5fc5\u987b\u5728\u524d\u9762\u52a0\u4e0a \u0626\u3002<br \/>\n\u2461 \u5728\u8bcd\u4e2d\u4ee5\u5143\u97f3\u5f00\u59cb\u7684\u97f3\u8282\uff0c\u4e5f\u5fc5\u987b\u5728\u524d\u9762\u52a0\u4e0a \u0626\uff0c\u8868\u793a\u5206\u9694\u505c\u987f\uff0c\u8fd9\u79cd\u60c5\u51b5\u591a\u51fa\u73b0\u5728\u6e90\u81ea\u963f\u62c9\u4f2f\u8bed\u7684\u5916\u6765\u8bed\u4e2d\u3002\u5728\u6e90\u81ea\u6c49\u8bed\u7684\u5916\u6765\u8bed\u4e2d\uff0c\u6709\u4e9b\u8bcd\u4e2d\u7684\u8fde\u7eed\u5143\u97f3\uff0c\u8868\u793a\u6c49\u8bed\u7684\u590d\u5143\u97f3\uff0c\u4e0d\u7528 \u0626\u3002<\/p>\n<p>\u8001\u7ef4\u6587\u867d\u7136\u57fa\u4e8e\u963f\u62c9\u4f2f\u5b57\u6bcd\uff0c\u4f46\u4e0d\u662f\u8f85\u97f3\u97f3\u7d20\u6587\u5b57\uff0c\u800c\u662f\u5168\u97f3\u7d20\u6587\u5b57\u3002<\/p>\n<hr \/>\n<p><strong>\u62c9\u4e01\u7ef4\u6587<\/strong>\uff08ULY\uff09<\/p>\n<p>\u62c9\u4e01\u7ef4\u6587\u4e8e 2000 \u5e74\u540e\u7531\u65b0\u7586\u5927\u5b66\u548c\u7ef4\u543e\u5c14\u8ba1\u7b97\u673a\u4fe1\u606f\u534f\u4f1a\u53d1\u8d77\uff0c\u5e76\u7531\u65b0\u7586\u7ef4\u543e\u5c14\u81ea\u6cbb\u533a\u653f\u5e9c\u63a8\u5e7f\u5b9e\u65bd\u3002\u62c9\u4e01\u7ef4\u6587\u548c\u8001\u7ef4\u6587\u4e00\u6837\u662f\u65b0\u7586\u7684\u5b98\u65b9\u6587\u5b57\u3002\u6700\u521d\uff0c\u62c9\u4e01\u7ef4\u6587\u88ab\u79f0\u4e3a\u7ef4\u543e\u5c14\u8bed\u8ba1\u7b97\u673a\u6587\u5b57\uff08UKY\uff0cUyghur Kompyut\u00ebr Y\u00ebziqi\uff09\uff0c\u540e\u6765\u4e3a\u4e86\u907f\u514d\u4eba\u4eec\u628a\u8ba1\u7b97\u673a\u6587\u5b57\u7406\u89e3\u6210\u673a\u5668\u8bed\u8a00\uff0c\u6539\u540d\u4e3a\u62c9\u4e01\u7ef4\u6587\uff08ULY\uff09\u3002\u62c9\u4e01\u7ef4\u6587\u7684\u521b\u5efa\u6700\u521d\u662f\u4e3a\u4e86\u4fbf\u4e8e\u5728\u8ba1\u7b97\u673a\u4e0a\u4f7f\u7528\u7ef4\u6587\uff0c\u7ed3\u675f\u7ef4\u6587\u62c9\u4e01\u8f6c\u5199\u6742\u4e71\u65e0\u7ae0\u7684\u5c40\u9762\u30022008 \u5e74 1 \u6708\u65b0\u7586\u7ef4\u543e\u5c14\u81ea\u6cbb\u533a\u8bed\u8a00\u6587\u5b57\u59d4\u5458\u4f1a\u7814\u7a76\u7f16\u5236\u5e76\u9274\u5b9a\u9a8c\u6536\u4e86\u7ef4\u543e\u5c14\u6587\u62c9\u4e01\u5316\u65b9\u6848\u3002<\/p>\n<p>1\uff09\u6700\u521d\u7684 \u00c9 \u00e9 \u73b0\u6539\u4e3a \u00cb \u00eb\u3002<\/p>\n<p>2\uff09\u6700\u521d j \u548c zh \u540c \u0698 \u7684\u5bf9\u5e94\u5173\u7cfb\u4e0a\u672a\u8fbe\u6210\u4e00\u4e2a\u7edf\u4e00\u7684\u610f\u89c1\uff0c\u73b0\u786e\u5b9a\u4e3a zh \u5bf9\u5e94 \u0698\uff0cj \u53ea\u5bf9\u5e94 \u062c\u3002<\/p>\n<p>3\uff09\u8001\u7ef4\u6587\u5b57\u6bcd \u0626 \u5728\u62c9\u4e01\u7ef4\u6587\u4e2d\u6ca1\u6709\u5bf9\u5e94\u5b57\u7b26\u3002\u62c9\u4e01\u7ef4\u6587\u4e2d\u4e5f\u6709\u5206\u9694\u7b26\uff08\u6487\u53f7\uff0c\u2019\uff09\uff1a<\/p>\n<p style=\"padding-left: 30px;\">\u2460 \u8bcd\u4e2d\u97f3\u8282\u5982\u679c\u4ee5\u5143\u97f3\u5f00\u59cb\uff0c\u800c\u524d\u4e00\u4e2a\u97f3\u8282\u4ee5\u8f85\u97f3\u7ed3\u675f\uff0c\u5728\u8be5\u5143\u97f3\u524d\u52a0\u6487\u53f7\u5206\u9694\u3002\u5982\u524d\u4e00\u4e2a\u97f3\u8282\u4ee5\u5143\u97f3\u7ed3\u675f\uff0c\u4e0d\u52a0\u6487\u53f7\u3002\u4f8b\u5982\uff1ajem\u2019iyet\u3001sen\u2019et\uff1bsaul\u3001saet\u3002<br \/>\n\u2461 \u5728\u8bcd\u4e2d\u5982\u679c gh\u3001ng\u3001sh\u3001zh \u5e76\u4e0d\u4ee3\u8868\u53cc\u5b57\u6bcd\u5355\u8f85\u97f3\uff0c\u4f7f\u7528\u5206\u9694\u53f7\u5206\u9694\u3002\u4f8b\u5982\uff1abashlan\u2019ghuch \u4ee3\u8868 bash\u00b7lan\u00b7ghuch\uff0c\u800c bashlanghuch \u4ee3\u8868 bash\u00b7lang\u00b7huch\u3002<\/p>\n<p>4\uff09\u62c9\u4e01\u7ef4\u6587\u6709\u5927\u5c0f\u5199\u5b57\u6bcd\uff0c\u53e5\u9996\u548c\u4e13\u6709\u540d\u8bcd\u9996\u5b57\u6bcd\u5fc5\u987b\u5927\u5199\u3002\u53cc\u5b57\u6bcd\u5355\u8f85\u97f3\u7684\u5927\u5199\u5f62\u5f0f\uff0c\u53ea\u5927\u5199\u9996\u5b57\u6bcd\uff0c\u5982 ShUAR\uff08Shinjang Uyghur Aptonom Rayon\uff0c\u65b0\u7586\u7ef4\u543e\u5c14\u81ea\u6cbb\u533a\uff09\u3002<\/p>\n<p>5\uff09\u5b57\u6bcd c \u4e0d\u5355\u72ec\u4f7f\u7528\uff0c\u53ea\u7528\u4e8e\u53cc\u5b57\u6bcd\u5355\u8f85\u97f3 ch\u3002\u5b57\u6bcd v \u4e0d\u4f7f\u7528\uff0c\u4f46\u53ef\u7528\u4e8e\u5916\u6765\u8bed\u3002<\/p>\n<p>6\uff09\u5bf9\u4e8e\u4e00\u4e9b\u56fd\u9645\u5355\u4f4d\u3001\u7279\u6b8a\u7f29\u5199\uff0c\u4fdd\u6301\u539f\u6709\u5199\u6cd5\uff0c\u5982\uff1acm\u3001MTV\u3002[sc:as-728]<\/p>\n<p><strong>\u7ef4\u6587\u5bf9\u7167<\/strong><img loading=\"lazy\" decoding=\"async\" class=\"aligncenter wp-image-512 size-full\" title=\"\u7ef4\u543e\u5c14\u6587\u5bf9\u7167\" src=\"https:\/\/abkai.net\/core\/wp-content\/uploads\/2012\/12\/Uyghurs.png\" alt=\"\" width=\"494\" height=\"1122\" \/><\/p>\n<hr \/>\n<p><strong>\u7ef4\u6587\u8303\u4f8b\uff1a<\/strong><\/p>\n<p>\u8001\u7ef4\u6587\uff08UEY\uff09\uff1a<\/p>\n<p style=\"text-align: right;\"><span dir=\"RTL\" style=\"font-size: 16px;\">\u06be\u06d5\u0645\u0645\u06d5 \u0626\u0627\u062f\u06d5\u0645 \u062a\u06c7\u063a\u06c7\u0644\u06c7\u0634\u0649\u062f\u0649\u0646\u0644\u0627 \u0626\u06d5\u0631\u0643\u0649\u0646\u060c \u0626\u0649\u0632\u0632\u06d5\u062a-\u06be\u06c6\u0631\u0645\u06d5\u062a \u06cb\u06d5 \u06be\u0648\u0642\u06c7\u0642\u062a\u0627 \u0628\u0627\u0628-\u0628\u0627\u0631\u0627\u06cb\u06d5\u0631 \u0628\u0648\u0644\u06c7\u067e \u062a\u06c7\u063a\u06c7\u0644\u063a\u0627\u0646. \u0626\u06c7\u0644\u0627\u0631 \u0626\u06d5\u0642\u0649\u0644\u06af\u06d5 \u06cb\u06d5 \u06cb\u0649\u062c\u062f\u0627\u0646\u063a\u0627 \u0626\u0649\u06af\u06d5 \u06be\u06d5\u0645\u062f\u06d5 \u0628\u0649\u0631-\u0628\u0649\u0631\u0649\u06af\u06d5 \u0642\u06d0\u0631\u0649\u0646\u062f\u0627\u0634\u0644\u0649\u0642 \u0645\u06c7\u0646\u0627\u0633\u0649\u06cb\u0649\u062a\u0649\u06af\u06d5 \u062e\u0627\u0633 \u0631\u0648\u06be \u0628\u0649\u0644\u06d5\u0646 \u0645\u06c7\u0626\u0627\u0645\u0649\u0644\u06d5 \u0642\u0649\u0644\u0649\u0634\u0649 \u0643\u06d0\u0631\u06d5\u0643.<\/span><\/p>\n<p>\u62c9\u4e01\u7ef4\u6587\uff08ULY\uff09\uff1a<\/p>\n<p><span style=\"line-height: 1.6em;\">Hemme adem tughulushidinla erkin, izzet-h\u00f6rmet we hoquqta babbarawer bolup tughulghan. Ular eqilghe we wijdan&#8217;gha ige hemde bir-birige q\u00ebrindashliq munasiwitige xas roh bilen muamile qilishi k\u00ebrek.<\/span><\/p>\n<p>\u897f\u91cc\u5c14\u7ef4\u6587\uff08USY\uff09\uff1a<\/p>\n<p><span style=\"line-height: 1.6em;\">\u04ba\u04d9\u043c\u043c\u04d9 \u0430\u0434\u04d9\u043c \u0442\u0443\u0493\u0443\u043b\u0443\u0448\u0438\u0434\u0438\u043d\u043b\u0430 \u04d9\u0440\u043a\u0438\u043d, \u0438\u0437\u0437\u04d9\u0442-\u04bb\u04e9\u0440\u043c\u04d9\u0442 \u0432\u04d9 \u04bb\u043e\u049b\u0443\u049b\u0442\u0430 \u0431\u0430\u0431\u0431\u0430\u0440\u0430\u0432\u04d9\u0440 \u0431\u043e\u043b\u0443\u043f \u0442\u0443\u0493\u0443\u043b\u0493\u0430\u043d. \u0423\u043b\u0430\u0440 \u04d9\u049b\u0438\u043b\u0433\u04d9 \u0432\u04d9 \u0432\u0438\u0436\u0434\u0430\u043d\u0493\u0430 \u0438\u0433\u04d9 \u04bb\u04d9\u043c\u0434\u04d9 \u0431\u0438\u0440-\u0431\u0438\u0440\u0438\u0433\u04d9 \u049b\u0435\u0440\u0438\u043d\u0434\u0430\u0448\u043b\u0438\u049b \u043c\u0443\u043d\u0430\u0441\u0438\u0432\u0438\u0442\u0438\u0433\u04d9 \u0445\u0430\u0441 \u0440\u043e\u04bb \u0431\u0438\u043b\u04d9\u043d \u043c\u0443\u0430\u043c\u0438\u043b\u04d9 \u049b\u0438\u043b\u0438\u0448\u0438 \u043a\u0435\u0440\u04d9\u043a.<\/span><\/p>\n<p>\u65b0\u7ef4\u6587\uff08UPNY\uff09\uff1a<\/p>\n<p><span style=\"line-height: 1.6em;\">\u2c67\u0259mm\u0259 ad\u0259m tu\u01a3uluxidinla \u0259rkin, izz\u0259t-\u2c68\u0275rm\u0259t w\u0259 ho\u2c6au\u2c6ata babbaraw\u0259r bolup tu\u01a3ul\u01a3an. Ular \u0259\u2c6ail\u01a3\u0259 w\u0259 wijdan\u01a3a ig\u0259 \u2c68\u0259md\u0259 bir-birig\u0259 \u2c6aerindaxli\u2c6a munasiwitig\u0259 has roh bil\u0259n mu\u2019amil\u0259 \u2c6ailixi ker\u0259k.[sc:as-728]<\/span><\/p>\n","protected":false},"excerpt":{"rendered":"<p>\u7ef4\u543e\u5c14\u6587\u76ee\u524d\u6709 3 \u79cd\u5b57\u6bcd\u4f53\u7cfb\uff1a\u5728\u4e2d\u56fd\u65b0\u7586\uff0c\u4f7f\u7528\u4ee5\u963f\u62c9\u4f2f\u5b57\u6bcd\u4e3a\u57fa\u7840\u7684\u8001\u7ef4\u6587\uff08UEY\uff0cUyghur Ereb Y\u00ebziqi\uff09\u4ee5\u53ca\u4ee5\u62c9\u4e01\u5b57\u6bcd\u4e3a\u57fa\u7840\u7684\u62c9\u4e01\u7ef4\u6587\uff08ULY\uff0cUyghur Latin Y\u00ebziqi\uff09\uff1b\u5728\u4e2d\u4e9a\u7684\u4e00\u4e9b\u56fd\u5bb6\uff0c\u4f7f\u7528\u4ee5\u897f\u91cc\u5c14\u5b57\u6bcd\u4e3a\u57fa\u7840\u7684\u897f\u91cc\u5c14\u7ef4\u6587\uff08USY\uff0cUyghur Siril Y\u00ebziqi\uff09\u3002\u53e6\u5916\u5728 20 \u4e16\u7eaa 60 \u5e74\u4ee3\u5230 80 \u5e74\u4ee3\uff0c\u4e2d\u56fd\u65b0\u7586\u8fd8\u66fe\u4f7f\u7528\u8fc7\u4e00\u5957\u4ee5\u6c49\u8bed\u62fc\u97f3\uff08\u62c9\u4e01\u5b57\u6bcd\uff09\u4e3a\u57fa\u7840\u7684\u65b0\u7ef4\u6587\uff08UPNY\uff0cUyghur Pinyin Y\u00ebziqi\uff09\uff0c\u76ee\u524d\u5df2\u7ecf\u5e9f\u6b62\u3002 \u8001\u7ef4\u6587\uff08UEY\uff09 \u8001\u7ef4\u6587\u662f\u76ee\u524d\u4f7f\u7528\u6700\u5e7f\u6cdb\u7684\u4e00\u5957\u7ef4\u543e\u5c14\u6587\u5b57\uff0c\u81ea\u7ef4\u543e\u5c14\u65cf\u63a5\u53d7\u4f0a\u65af\u5170\u6559\u5f00\u59cb\uff0c\u4fbf\u9010\u6e10\u5f00\u59cb\u4f7f\u7528\uff0c\u5e76\u7ecf\u5386\u8fc7\u6570\u6b21\u6539\u9769\u3002 \u8001\u7ef4\u6587\u57fa\u4e8e\u963f\u62c9\u4f2f\u5b57\u6bcd\uff0c\u6240\u4ee5\u6ca1\u6709\u5927\u5c0f\u5199\u4e4b\u5206\uff0c\u7b26\u5408\u963f\u62c9\u4f2f\u5b57\u6bcd\u7684\u4e66\u5199\u987a\u5e8f\u548c\u5176\u4ed6\u7684\u89c4\u5219\uff0c\u4f46\u548c\u5176\u4ed6\u4f7f\u7528\u963f\u62c9\u4f2f\u5b57\u6bcd\u7684\u6587\u5b57\u6709\u4e00\u4e2a\u660e\u663e\u533a\u522b\uff0c\u5373\u8001\u7ef4\u6587\u4e2d\u7684\u5143\u97f3\u548c\u8f85\u97f3\u4e00\u6837\uff0c\u5747\u4e3a\u5355\u72ec\u7684\u5b57\u6bcd\uff0c\u800c\u4e0d\u662f\u4f7f\u7528\u5143\u97f3\u7b26\u53f7\u6765\u8868\u793a\u3002\u8001\u7ef4\u6587\u8bfb\u5199\u4e00\u4e00\u5bf9\u5e94\u3002&#8230;<\/p>\n","protected":false},"author":1,"featured_media":0,"parent":0,"menu_order":7,"comment_status":"closed","ping_status":"closed","template":"template-full-width-page.php","meta":{"bgseo_title":"","bgseo_description":"","bgseo_robots_index":"index","bgseo_robots_follow":"follow","footnotes":""},"class_list":["post-146","page","type-page","status-publish","hentry"],"_links":{"self":[{"href":"https:\/\/abkai.net\/en\/wp-json\/wp\/v2\/pages\/146","targetHints":{"allow":["GET"]}}],"collection":[{"href":"https:\/\/abkai.net\/en\/wp-json\/wp\/v2\/pages"}],"about":[{"href":"https:\/\/abkai.net\/en\/wp-json\/wp\/v2\/types\/page"}],"author":[{"embeddable":true,"href":"https:\/\/abkai.net\/en\/wp-json\/wp\/v2\/users\/1"}],"replies":[{"embeddable":true,"href":"https:\/\/abkai.net\/en\/wp-json\/wp\/v2\/comments?post=146"}],"version-history":[{"count":1,"href":"https:\/\/abkai.net\/en\/wp-json\/wp\/v2\/pages\/146\/revisions"}],"predecessor-version":[{"id":147,"href":"https:\/\/abkai.net\/en\/wp-json\/wp\/v2\/pages\/146\/revisions\/147"}],"wp:attachment":[{"href":"https:\/\/abkai.net\/en\/wp-json\/wp\/v2\/media?parent=146"}],"curies":[{"name":"wp","href":"https:\/\/api.w.org\/{rel}","templated":true}]}}